{"id":416,"date":"2017-10-27T13:02:22","date_gmt":"2017-10-27T13:02:22","guid":{"rendered":"https:\/\/the7.io\/agency\/?page_id=2"},"modified":"2020-07-13T21:51:57","modified_gmt":"2020-07-13T21:51:57","slug":"startseite","status":"publish","type":"page","link":"https:\/\/www.atib16.at\/tr\/","title":{"rendered":"Startseite"},"content":{"rendered":"<section class=\"wpb-content-wrapper\"><div data-vc-full-width=\"true\" data-vc-full-width-init=\"false\" class=\"vc_row wpb_row vc_row-fluid vc_custom_1594588733676\"><div class=\"wpb_column vc_column_container vc_col-sm-12\"><div class=\"vc_column-inner vc_custom_1594192065716\"><div class=\"wpb_wrapper\">\n\t<div class=\"wpb_text_column wpb_content_element\" >\n\t\t<div class=\"wpb_wrapper\">\n\t\t\t<h4 class=\"anmelden\" style=\"text-align: center; color: #333333; margin-top: auto; margin-bottom: auto;\"><span style=\"vertical-align: inherit;\">CENAZE \u0130\u015eLEMLER\u0130 KAYIT FORMU <\/span><a href=\"http:\/\/cenaze.atib.at\/\" target=\"_blank\" rel=\"noopener noreferrer\"><span style=\"color: #bb2434;\"><span style=\"vertical-align: inherit;\">B\u0130R TIK<\/span><\/span><\/a><span style=\"vertical-align: inherit;\"> YAKININIZDA<\/span><\/h4>\n\n\t\t<\/div>\n\t<\/div>\n<\/div><\/div><\/div><\/div><div class=\"vc_row-full-width vc_clearfix\"><\/div><!-- Row Backgrounds --><div class=\"upb_color\" data-bg-override=\"1\" data-bg-color=\"#eeeeee\" data-fadeout=\"\" data-fadeout-percentage=\"30\" data-parallax-content=\"\" data-parallax-content-sense=\"30\" data-row-effect-mobile-disable=\"true\" data-img-parallax-mobile-disable=\"true\" data-rtl=\"false\"  data-custom-vc-row=\"\"  data-vc=\"6.13.0\"  data-is_old_vc=\"\"  data-theme-support=\"\"   data-overlay=\"false\" data-overlay-color=\"\" data-overlay-pattern=\"\" data-overlay-pattern-opacity=\"\" data-overlay-pattern-size=\"\"    ><\/div><div class=\"vc_row wpb_row vc_row-fluid vc_column-gap-25\"><div class=\"wpb_column vc_column_container vc_col-sm-12\"><div class=\"vc_column-inner\"><div class=\"wpb_wrapper\"><div class=\"vc_separator wpb_content_element vc_separator_align_center vc_sep_width_100 vc_sep_border_width_2 vc_sep_pos_align_center vc_separator-has-text\" ><span class=\"vc_sep_holder vc_sep_holder_l\"><span style=\"&quot;border-color:#333333;&quot;\" class=\"vc_sep_line\"><\/span><\/span><h4>Haberler<\/h4><span class=\"vc_sep_holder vc_sep_holder_r\"><span style=\"&quot;border-color:#333333;&quot;\" class=\"vc_sep_line\"><\/span><\/span>\n<\/div><\/div><\/div><\/div><\/div><div class=\"vc_row wpb_row vc_row-fluid vc_column-gap-10\"><div class=\"wpb_column vc_column_container vc_col-sm-12\"><div class=\"vc_column-inner\"><div class=\"wpb_wrapper\">\n<div class=\"vc_grid-container-wrapper vc_clearfix vc_grid-animation-fadeIn\">\n\t<div class=\"vc_grid-container vc_clearfix wpb_content_element vc_basic_grid\" data-initial-loading-animation=\"fadeIn\" data-vc-grid-settings=\"{&quot;page_id&quot;:416,&quot;style&quot;:&quot;all&quot;,&quot;action&quot;:&quot;vc_get_vc_grid_data&quot;,&quot;shortcode_id&quot;:&quot;1594674595420-7573517c123b9a81bf0d46efd6eb505d-1&quot;,&quot;tag&quot;:&quot;vc_basic_grid&quot;}\" data-vc-request=\"https:\/\/www.atib16.at\/wp-admin\/admin-ajax.php\" data-vc-post-id=\"416\" data-vc-public-nonce=\"e333bb0820\">\n\t\t<style data-type=\"vc_shortcodes-custom-css\">.vc_custom_1419329081651{background-color: #2b2b2b !important;}<\/style><div class=\"vc_grid vc_row vc_grid-gutter-30px vc_pageable-wrapper vc_hook_hover\" data-vc-pageable-content=\"true\"><div class=\"vc_pageable-slide-wrapper vc_clearfix\" data-vc-grid-content=\"true\"><div class=\"vc_grid-item vc_clearfix vc_col-sm-4\"><div class=\"vc_grid-item-mini vc_clearfix\"><div class=\"vc_gitem-animated-block  vc_gitem-animate vc_gitem-animate-goTop20\"  data-vc-animation=\"goTop20\"><div class=\"vc_gitem-zone vc_gitem-zone-a vc_gitem-is-link\" style=\"background-image: url('https:\/\/www.atib16.at\/wp-content\/uploads\/2020\/07\/atib-1024x1024.png') !important;\"><a href=\"https:\/\/www.atib16.at\/tr\/kiymetli-cemaatimizin-dikkatine\" title=\"K\u0131ymetli Cemaatimizin Dikkatine\" class=\"vc_gitem-link vc-zone-link\" ><\/a><img decoding=\"async\" src=\"https:\/\/www.atib16.at\/wp-content\/uploads\/2020\/07\/atib-1024x1024.png\" class=\"vc_gitem-zone-img\" alt=\"K\u0131ymetli Cemaatimiz,Son g\u00fcnlerdeki salg\u0131nda ki art\u0131\u015f nedeni ile VAK\u0130T NAMAZLARINDA tekrardan MASKE ve SECCADE kural\u0131n\u0131 geri getirmi\u015f bulunmaktay\u0131z. Maskenizi ve Seccadenizi beraberinizde getirmenizi rica eder,Giri\u015f ve \u00c7\u0131k\u0131\u015flarda y\u0131\u011f\u0131lma olmamas\u0131na dikkat etmenizi ve sosyal mesafeyi korunman\u0131z\u0131 ayr\u0131ca rica ederiz.ATIB 16Y\u00f6netim Kurulu\"><div class=\"vc_gitem-zone-mini\"><\/div><\/div><div class=\"vc_gitem-zone vc_gitem-zone-b vc-gitem-zone-height-mode-auto vc_gitem-is-link\"><a href=\"https:\/\/www.atib16.at\/tr\/kiymetli-cemaatimizin-dikkatine\" title=\"K\u0131ymetli Cemaatimizin Dikkatine\" class=\"vc_gitem-link vc-zone-link\" ><\/a><div class=\"vc_gitem-zone-mini\"><div class=\"vc_gitem_row vc_row vc_gitem-row-position-bottom\"><div class=\"vc_col-sm-12 vc_gitem-col vc_gitem-col-align- vc_custom_1419329081651\"><div class=\"vc_custom_heading vc_gitem-post-data vc_gitem-post-data-source-post_title\" ><div style=\"font-size: 20px;color: #ffffff;line-height: 1.3;text-align: left;font-family:Roboto;font-weight:500;font-style:normal\" >K\u0131ymetli Cemaatimizin Dikkatine<\/div><\/div><div class=\"vc_custom_heading vc_gitem-post-data vc_gitem-post-data-source-post_excerpt\" ><div style=\"font-size: 14px;color: #efefef;line-height: 1.2;text-align: left;font-family:Roboto;font-weight:400;font-style:normal\" ><p>K\u0131ymetli Cemaatimiz,<\/p>\n<p>Son g\u00fcnlerdeki salg\u0131nda ki art\u0131\u015f nedeni ile VAK\u0130T NAMAZLARINDA tekrardan MASKE ve SECCADE kural\u0131n\u0131 geri getirmi\u015f bulunmaktay\u0131z. <\/p>\n<p>Maskenizi ve Seccadenizi beraberinizde getirmenizi rica eder,<br \/>\nGiri\u015f ve \u00c7\u0131k\u0131\u015flarda y\u0131\u011f\u0131lma olmamas\u0131na dikkat etmenizi ve sosyal mesafeyi korunman\u0131z\u0131 ayr\u0131ca rica ederiz.<\/p>\n<p>ATIB 16<br \/>\nY\u00f6netim Kurulu<\/p>\n<\/div><\/div><\/div><\/div><\/div><\/div><\/div><\/div><div class=\"vc_clearfix\"><\/div><\/div><div class=\"vc_grid-item vc_clearfix vc_col-sm-4\"><div class=\"vc_grid-item-mini vc_clearfix\"><div class=\"vc_gitem-animated-block  vc_gitem-animate vc_gitem-animate-goTop20\"  data-vc-animation=\"goTop20\"><div class=\"vc_gitem-zone vc_gitem-zone-a vc_gitem-is-link\" style=\"background-image: url('https:\/\/www.atib16.at\/wp-content\/uploads\/2017\/11\/105487171_3361485160536937_2067743598118515845_o.jpg') !important;\"><a href=\"https:\/\/www.atib16.at\/tr\/hafiz-emin-celen-hocamiz-canli-yayinda-bizlerleydi\" title=\"Haf\u0131z Emin \u00c7ELEN Hocam\u0131z Canl\u0131 Yay\u0131nda Bizlerleydi\" class=\"vc_gitem-link vc-zone-link\" ><\/a><img decoding=\"async\" src=\"https:\/\/www.atib16.at\/wp-content\/uploads\/2017\/11\/105487171_3361485160536937_2067743598118515845_o.jpg\" class=\"vc_gitem-zone-img\" alt=\"Haf\u0131z Emin \u00c7ELEN Hocam\u0131za bizlerin ricas\u0131n\u0131 geri \u00e7evirmeyip yapm\u0131\u015f oldu\u011fu canl\u0131 yay\u0131ndan dolay\u0131 te\u015fekk\u00fcr ederiz..Allah raz\u0131 olsun.\"><div class=\"vc_gitem-zone-mini\"><\/div><\/div><div class=\"vc_gitem-zone vc_gitem-zone-b vc-gitem-zone-height-mode-auto vc_gitem-is-link\"><a href=\"https:\/\/www.atib16.at\/tr\/hafiz-emin-celen-hocamiz-canli-yayinda-bizlerleydi\" title=\"Haf\u0131z Emin \u00c7ELEN Hocam\u0131z Canl\u0131 Yay\u0131nda Bizlerleydi\" class=\"vc_gitem-link vc-zone-link\" ><\/a><div class=\"vc_gitem-zone-mini\"><div class=\"vc_gitem_row vc_row vc_gitem-row-position-bottom\"><div class=\"vc_col-sm-12 vc_gitem-col vc_gitem-col-align- vc_custom_1419329081651\"><div class=\"vc_custom_heading vc_gitem-post-data vc_gitem-post-data-source-post_title\" ><div style=\"font-size: 20px;color: #ffffff;line-height: 1.3;text-align: left;font-family:Roboto;font-weight:500;font-style:normal\" >Haf\u0131z Emin \u00c7ELEN Hocam\u0131z Canl\u0131 Yay\u0131nda Bizlerleydi<\/div><\/div><div class=\"vc_custom_heading vc_gitem-post-data vc_gitem-post-data-source-post_excerpt\" ><div style=\"font-size: 14px;color: #efefef;line-height: 1.2;text-align: left;font-family:Roboto;font-weight:400;font-style:normal\" ><p>Haf\u0131z Emin \u00c7ELEN Hocam\u0131za bizlerin ricas\u0131n\u0131 geri \u00e7evirmeyip yapm\u0131\u015f oldu\u011fu canl\u0131 yay\u0131ndan dolay\u0131 te\u015fekk\u00fcr ederiz..<br \/>\nAllah raz\u0131 olsun.<\/p>\n<\/div><\/div><\/div><\/div><\/div><\/div><\/div><\/div><div class=\"vc_clearfix\"><\/div><\/div><div class=\"vc_grid-item vc_clearfix vc_col-sm-4\"><div class=\"vc_grid-item-mini vc_clearfix\"><div class=\"vc_gitem-animated-block  vc_gitem-animate vc_gitem-animate-goTop20\"  data-vc-animation=\"goTop20\"><div class=\"vc_gitem-zone vc_gitem-zone-a vc_gitem-is-link\" style=\"background-image: url('https:\/\/www.atib16.at\/wp-content\/uploads\/2017\/11\/WhatsApp-Image-2020-05-11-at-02.22.34-1024x902.png') !important;\"><a href=\"https:\/\/www.atib16.at\/tr\/halil-konakci-hocamiz-canli-yayinda-bizlerle-bulustu\" title=\"Halil KONAKCI Hocam\u0131z Canl\u0131 Yay\u0131nda Bizlerle Bulu\u015ftu\" class=\"vc_gitem-link vc-zone-link\" ><\/a><img decoding=\"async\" src=\"https:\/\/www.atib16.at\/wp-content\/uploads\/2017\/11\/WhatsApp-Image-2020-05-11-at-02.22.34-1024x902.png\" class=\"vc_gitem-zone-img\" alt=\"Halil KONAKCI Hocam\u0131z Canl\u0131 Yay\u0131nda Bizlerle Bulu\u015ftu\"><div class=\"vc_gitem-zone-mini\"><\/div><\/div><div class=\"vc_gitem-zone vc_gitem-zone-b vc-gitem-zone-height-mode-auto vc_gitem-is-link\"><a href=\"https:\/\/www.atib16.at\/tr\/halil-konakci-hocamiz-canli-yayinda-bizlerle-bulustu\" title=\"Halil KONAKCI Hocam\u0131z Canl\u0131 Yay\u0131nda Bizlerle Bulu\u015ftu\" class=\"vc_gitem-link vc-zone-link\" ><\/a><div class=\"vc_gitem-zone-mini\"><div class=\"vc_gitem_row vc_row vc_gitem-row-position-bottom\"><div class=\"vc_col-sm-12 vc_gitem-col vc_gitem-col-align- vc_custom_1419329081651\"><div class=\"vc_custom_heading vc_gitem-post-data vc_gitem-post-data-source-post_title\" ><div style=\"font-size: 20px;color: #ffffff;line-height: 1.3;text-align: left;font-family:Roboto;font-weight:500;font-style:normal\" >Halil KONAKCI Hocam\u0131z Canl\u0131 Yay\u0131nda Bizlerle Bulu\u015ftu<\/div><\/div><div class=\"vc_custom_heading vc_gitem-post-data vc_gitem-post-data-source-post_excerpt\" ><div style=\"font-size: 14px;color: #efefef;line-height: 1.2;text-align: left;font-family:Roboto;font-weight:400;font-style:normal\" ><p>Halil KONAKCI Hocam\u0131za Sayfam\u0131zdan yapm\u0131\u015f oldu\u011fu Canl\u0131 Yay\u0131ndan dolay\u0131 te\u015fekk\u00fcrederiz.. Rabbimiz kendilerinden raz\u0131 olsun.. Hocam\u0131z\u0131 ilk f\u0131rsatta Viyana da a\u011f\u0131rlamay\u0131 \u00fcmid ediyoruz..<\/p>\n<\/div><\/div><\/div><\/div><\/div><\/div><\/div><\/div><div class=\"vc_clearfix\"><\/div><\/div><\/div><\/div>\n\t<\/div>\n<\/div><\/div><\/div><\/div><\/div><div class=\"vc_row wpb_row vc_row-fluid vc_custom_1594588064850\"><div class=\"wpb_column vc_column_container vc_col-sm-8\"><div class=\"vc_column-inner vc_custom_1594510365138\"><div class=\"wpb_wrapper\">\n\t<div class=\"wpb_text_column wpb_content_element\" >\n\t\t<div class=\"wpb_wrapper\">\n\t\t\t<h2><span style=\"color: #ffffff;\"><strong>Yard\u0131mlar\u0131n\u0131z\u0131 hemen online \u00f6deyin\u00a0<\/strong><\/span><\/h2>\n\n\t\t<\/div>\n\t<\/div>\n<\/div><\/div><\/div><div class=\"wpb_column vc_column_container vc_col-sm-4\"><div class=\"vc_column-inner\"><div class=\"wpb_wrapper\"><div class=\"ubtn-ctn-right\"><a class=\"ubtn-link ult-adjust-bottom-margin ubtn-right ubtn-custom\" href=\"https:\/\/www.atib16.at\/tr\/spende\/\" ><button type=\"button\" id=\"ubtn-4695\"  class=\"ubtn ult-adjust-bottom-margin ult-responsive ubtn-custom ubtn-center-dg-bg  none  ubtn-sep-icon ubtn-sep-icon-at-right  ubtn-shd  ubtn-right  shd-bottom tooltip-69e36c0ce0529\"  data-hover=\"#bb2434\" data-border-color=\"\" data-bg=\"#f2f2f2\" data-hover-bg=\"#ffffff\" data-border-hover=\"\" data-shadow-hover=\"0 3px ;\" data-shadow-click=\"\" data-shadow=\"0 5px ;\" data-shd-shadow=\"5\"  data-ultimate-target='#ubtn-4695'  data-responsive-json-new='{\"font-size\":\"desktop:14px;\",\"line-height\":\"\"}'  style=\"font-weight:bold;width:200px;min-height:50px;padding:10px 20px;border:none;box-shadow: 0 5px ;background: #f2f2f2;color: #bb2434;\"><span class=\"ubtn-data ubtn-icon\"><i class=\"icomoon-the7-font-the7-arrow-21\" style=\"font-size:22px;color:#bb2434;\"><\/i><\/span><span class=\"ubtn-hover\" style=\"background-color:#ffffff\"><\/span><span class=\"ubtn-data ubtn-text\" >BA\u011eI\u015e YAP<\/span><\/button><\/a><\/div><\/div><\/div><\/div><\/div><!-- Row Backgrounds --><div class=\"upb_grad\" data-grad=\"background: -webkit-gradient(linear, left top, left bottom, color-stop(0%, #BB2433), color-stop(100%, #B32031));background: -moz-linear-gradient(left,#BB2433 0%,#B32031 100%);background: -webkit-linear-gradient(left,#BB2433 0%,#B32031 100%);background: -o-linear-gradient(left,#BB2433 0%,#B32031 100%);background: -ms-linear-gradient(left,#BB2433 0%,#B32031 100%);background: linear-gradient(left,#BB2433 0%,#B32031 100%);\" data-bg-override=\"full\" data-upb-overlay-color=\"\" data-upb-bg-animation=\"\" data-fadeout=\"\" data-fadeout-percentage=\"30\" data-parallax-content=\"\" data-parallax-content-sense=\"30\" data-row-effect-mobile-disable=\"true\" data-img-parallax-mobile-disable=\"true\" data-rtl=\"false\"  data-custom-vc-row=\"\"  data-vc=\"6.13.0\"  data-is_old_vc=\"\"  data-theme-support=\"\"   data-overlay=\"false\" data-overlay-color=\"\" data-overlay-pattern=\"\" data-overlay-pattern-opacity=\"\" data-overlay-pattern-size=\"\"    ><\/div><div class=\"vc_row wpb_row vc_row-fluid\"><div class=\"wpb_column vc_column_container vc_col-sm-8\"><div class=\"vc_column-inner vc_custom_1594587493395\"><div class=\"wpb_wrapper\"><div id=\"ultimate-heading-563169e36c0ce093c\" class=\"uvc-heading ult-adjust-bottom-margin ultimate-heading-563169e36c0ce093c uvc-3570  uvc-heading-default-font-sizes\" data-hspacer=\"line_with_icon\" data-hline_width=\"auto\" data-hicon_type=\"selector\" data-hborder_style=\"solid\" data-hborder_height=\"1\" data-hborder_color=\"#ccc\" data-icon_width=\"32\" data-hfixer=\"10\"  data-halign=\"left\" style=\"text-align:left\"><div class=\"uvc-main-heading ult-responsive\"  data-ultimate-target='.uvc-heading.ultimate-heading-563169e36c0ce093c h3'  data-responsive-json-new='{\"font-size\":\"\",\"line-height\":\"\"}' ><h3 style=\"--font-weight:theme;\">\u00dcYEL\u0130K<\/h3><\/div><div class=\"uvc-heading-spacer line_with_icon\" style=\"topheight:32px;\"><div class=\"ult-just-icon-wrapper\"><div class=\"align-icon\" style=\"text-align:left;\"><\/div><\/div><\/div><div class=\"uvc-sub-heading ult-responsive\"  data-ultimate-target='.uvc-heading.ultimate-heading-563169e36c0ce093c .uvc-sub-heading '  data-responsive-json-new='{\"font-size\":\"\",\"line-height\":\"\"}'  style=\"font-weight:normal;\"><\/p>\n<h4 style=\"text-align: left;\"><span style=\"color: #333333;\">Derne\u011fimize \u00f6n kay\u0131t olu\u015fturmak i\u00e7in formu doldurunuz biz size en k\u0131sa s\u00fcrede d\u00f6n\u00fc\u015f sa\u011flayaca\u011f\u0131z.<\/span><\/h4>\n<p><\/div><\/div><\/div><\/div><\/div><div class=\"wpb_column vc_column_container vc_col-sm-4\"><div class=\"vc_column-inner vc_custom_1594587755433\"><div class=\"wpb_wrapper\">\n<div class=\"wpcf7 no-js\" id=\"wpcf7-f2128-o1\" lang=\"de-DE\" dir=\"ltr\" data-wpcf7-id=\"2128\">\n<div class=\"screen-reader-response\"><p role=\"status\" aria-live=\"polite\" aria-atomic=\"true\"><\/p> <ul><\/ul><\/div>\n<form action=\"\/tr\/wp-json\/wp\/v2\/pages\/416#wpcf7-f2128-o1\" method=\"post\" class=\"wpcf7-form init\" aria-label=\"Kontaktformular\" novalidate=\"novalidate\" data-status=\"init\" data-trp-original-action=\"\/tr\/wp-json\/wp\/v2\/pages\/416#wpcf7-f2128-o1\">\n<fieldset class=\"hidden-fields-container\"><input type=\"hidden\" name=\"_wpcf7\" value=\"2128\" \/><input type=\"hidden\" name=\"_wpcf7_version\" value=\"6.1.5\" \/><input type=\"hidden\" name=\"_wpcf7_locale\" value=\"de_DE\" \/><input type=\"hidden\" name=\"_wpcf7_unit_tag\" value=\"wpcf7-f2128-o1\" \/><input type=\"hidden\" name=\"_wpcf7_container_post\" value=\"0\" \/><input type=\"hidden\" name=\"_wpcf7_posted_data_hash\" value=\"\" \/>\n<\/fieldset>\n<p><span class=\"wpcf7-form-control-wrap\" data-name=\"your-name\"><input size=\"40\" maxlength=\"400\" class=\"wpcf7-form-control wpcf7-text wpcf7-validates-as-required\" aria-required=\"true\" aria-invalid=\"false\" placeholder=\"Ad Soyad\" value=\"\" type=\"text\" name=\"your-name\" \/><\/span>\n<\/p>\n<p><span class=\"wpcf7-form-control-wrap\" data-name=\"your-email\"><input size=\"40\" maxlength=\"400\" class=\"wpcf7-form-control wpcf7-email wpcf7-validates-as-required wpcf7-text wpcf7-validates-as-email\" aria-required=\"true\" aria-invalid=\"false\" placeholder=\"E-Posta Adresiniz\" value=\"\" type=\"email\" name=\"your-email\" \/><\/span>\n<\/p>\n<p><span class=\"wpcf7-form-control-wrap\" data-name=\"tel-681\"><input size=\"40\" maxlength=\"400\" class=\"wpcf7-form-control wpcf7-tel wpcf7-validates-as-required wpcf7-text wpcf7-validates-as-tel\" aria-required=\"true\" aria-invalid=\"false\" placeholder=\"Telefon\" value=\"\" type=\"tel\" name=\"tel-681\" \/><\/span>\n<\/p>\n<p><input class=\"wpcf7-form-control wpcf7-submit has-spinner\" type=\"submit\" value=\"G\u00d6NDER\" \/>\n<\/p><div class=\"wpcf7-response-output\" aria-hidden=\"true\"><\/div>\n<input type=\"hidden\" name=\"trp-form-language\" value=\"tr\"\/><\/form>\n<\/div>\n<\/div><\/div><\/div><\/div><!-- Row Backgrounds --><div class=\"upb_color\" data-bg-override=\"0\" data-bg-color=\"#f5f5f5\" data-fadeout=\"\" data-fadeout-percentage=\"30\" data-parallax-content=\"\" data-parallax-content-sense=\"30\" data-row-effect-mobile-disable=\"true\" data-img-parallax-mobile-disable=\"true\" data-rtl=\"false\"  data-custom-vc-row=\"\"  data-vc=\"6.13.0\"  data-is_old_vc=\"\"  data-theme-support=\"\"   data-overlay=\"false\" data-overlay-color=\"\" data-overlay-pattern=\"\" data-overlay-pattern-opacity=\"\" data-overlay-pattern-size=\"\"    ><\/div><div data-vc-full-width=\"true\" data-vc-full-width-init=\"false\" data-vc-stretch-content=\"true\" class=\"vc_row wpb_row vc_row-fluid vc_row-no-padding\"><div class=\"wpb_column vc_column_container vc_col-sm-12\"><div class=\"vc_column-inner\"><div class=\"wpb_wrapper\"><div class=\"wpb_gmaps_widget wpb_content_element\"><div class=\"wpb_wrapper\"><div class=\"wpb_map_wraper\"><iframe src=\"https:\/\/www.google.com\/maps\/embed?pb=!1m18!1m12!1m3!1d2658.7727751234033!2d16.32531751586044!3d48.21099247922946!2m3!1f0!2f0!3f0!3m2!1i1024!2i768!4f13.1!3m3!1m2!1s0x476d07e3c3507363%3A0x95e60136ad8a506d!2sBachgasse%2026%2C%201160%20Wien%2C%20Avusturya!5e0!3m2!1str!2str!4v1594498518363!5m2!1str!2str\" width=\"600\" height=\"450\" frameborder=\"0\" style=\"border:0;\" allowfullscreen=\"\" aria-hidden=\"false\" tabindex=\"0\"><\/iframe><\/div><\/div><\/div><\/div><\/div><\/div><\/div><div class=\"vc_row-full-width vc_clearfix\"><\/div>\n<\/section>","protected":false},"excerpt":{"rendered":"<p>ANMELDEFORMULAR F\u00dcR DIE BEERDIGUNG EIN KLICK IN IHRER N\u00c4HE Nachrichten Zahlen Sie Ihre Vorteile jetzt online\u00a0 SPENDENMITGLIEDSCHAFT F\u00fcllen Sie das Formular aus, um eine Vorregistrierung f\u00fcr unseren Verein zu erstellen, und wir werden uns so schnell wie m\u00f6glich bei Ihnen melden.<\/p>","protected":false},"author":1,"featured_media":0,"parent":0,"menu_order":0,"comment_status":"closed","ping_status":"closed","template":"","meta":[],"class_list":["post-416","page","type-page","status-publish","hentry","description-off"],"_links":{"self":[{"href":"https:\/\/www.atib16.at\/tr\/wp-json\/wp\/v2\/pages\/416","targetHints":{"allow":["GET"]}}],"collection":[{"href":"https:\/\/www.atib16.at\/tr\/wp-json\/wp\/v2\/pages"}],"about":[{"href":"https:\/\/www.atib16.at\/tr\/wp-json\/wp\/v2\/types\/page"}],"author":[{"embeddable":true,"href":"https:\/\/www.atib16.at\/tr\/wp-json\/wp\/v2\/users\/1"}],"replies":[{"embeddable":true,"href":"https:\/\/www.atib16.at\/tr\/wp-json\/wp\/v2\/comments?post=416"}],"version-history":[{"count":11,"href":"https:\/\/www.atib16.at\/tr\/wp-json\/wp\/v2\/pages\/416\/revisions"}],"predecessor-version":[{"id":2280,"href":"https:\/\/www.atib16.at\/tr\/wp-json\/wp\/v2\/pages\/416\/revisions\/2280"}],"wp:attachment":[{"href":"https:\/\/www.atib16.at\/tr\/wp-json\/wp\/v2\/media?parent=416"}],"curies":[{"name":"wp","href":"https:\/\/api.w.org\/{rel}","templated":true}]}}