{"id":2166,"date":"2020-07-13T03:33:29","date_gmt":"2020-07-13T03:33:29","guid":{"rendered":"https:\/\/www.atib16.at\/?page_id=2166"},"modified":"2020-07-13T03:33:55","modified_gmt":"2020-07-13T03:33:55","slug":"der-koran","status":"publish","type":"page","link":"https:\/\/www.atib16.at\/tr\/der-koran","title":{"rendered":"Der Koran"},"content":{"rendered":"<section class=\"wpb-content-wrapper\"><div class=\"vc_row wpb_row vc_row-fluid\"><div class=\"wpb_column vc_column_container vc_col-sm-12\"><div class=\"vc_column-inner\"><div class=\"wpb_wrapper\">\n\t<div class=\"wpb_text_column wpb_content_element\" >\n\t\t<div class=\"wpb_wrapper\">\n\t\t\t<h5><span style=\"color: #000000;\">Der Koran ist das Wort Gottes\u00a0und das\u00a0gr\u00f6\u00dfte Werk, das\u00a0Muhammed der Menschheit hinterlassen hat. Die Sprache des Koran ist Hocharabisch. Koran bedeutet im Arabischen \u00a0\u201eLesung\u201c oder \u201eRezitation\u201c und ist f\u00fcr die Muslime die Richtschnur, nach der sie sich bei ihren Handlungen richten. Er enth\u00e4lt 114 Abschnitte, die Suren (Einz.= Sure), die\u00a0von rund 6300 Versen gebildet werden. Nach islamischer \u00dcberzeugung ist der\u00a0Koran so erhalten, wie er vor etwa 1400\u00a0Jahren\u00a0offenbart wurde. Trotz zahlreicher \u00dcbersetzungen ist f\u00fcr die gl\u00e4ubigen Muslime nur der arabische Text verbindlich. Die m\u00fcndlich wie schriftlich \u00fcberlieferten Verse des\u00a0Koran sind unmittelbar nach dem Tode des Gesandten gesammelt und in der bis heute g\u00fcltigen Form geordnet worden.<\/span><\/h5>\n<h5><span style=\"color: #000000;\">Die heiligen Worte des Koran, die in 23 Jahren offenbart worden, enthalten religi\u00f6se wie weltliche Gebote, Verbote und Weisungen f\u00fcr das t\u00e4gliche Leben der gl\u00e4ubigen Muslime.\u00a0<\/span><\/h5>\n\n\t\t<\/div>\n\t<\/div>\n<\/div><\/div><\/div><\/div>\n<\/section>","protected":false},"excerpt":{"rendered":"<p>Der Koran ist das Wort Gottes\u00a0und das\u00a0gr\u00f6\u00dfte Werk, das\u00a0Muhammed der Menschheit hinterlassen hat. Die Sprache des Koran ist Hocharabisch. Koran bedeutet im Arabischen \u00a0\u201eLesung\u201c oder \u201eRezitation\u201c und ist f\u00fcr die Muslime die Richtschnur, nach der sie sich bei ihren Handlungen richten. Er enth\u00e4lt 114 Abschnitte, die Suren (Einz.= Sure), die\u00a0von rund 6300 Versen gebildet werden.&hellip;<\/p>","protected":false},"author":1,"featured_media":0,"parent":0,"menu_order":0,"comment_status":"closed","ping_status":"closed","template":"","meta":[],"class_list":["post-2166","page","type-page","status-publish","hentry","description-off"],"_links":{"self":[{"href":"https:\/\/www.atib16.at\/tr\/wp-json\/wp\/v2\/pages\/2166","targetHints":{"allow":["GET"]}}],"collection":[{"href":"https:\/\/www.atib16.at\/tr\/wp-json\/wp\/v2\/pages"}],"about":[{"href":"https:\/\/www.atib16.at\/tr\/wp-json\/wp\/v2\/types\/page"}],"author":[{"embeddable":true,"href":"https:\/\/www.atib16.at\/tr\/wp-json\/wp\/v2\/users\/1"}],"replies":[{"embeddable":true,"href":"https:\/\/www.atib16.at\/tr\/wp-json\/wp\/v2\/comments?post=2166"}],"version-history":[{"count":2,"href":"https:\/\/www.atib16.at\/tr\/wp-json\/wp\/v2\/pages\/2166\/revisions"}],"predecessor-version":[{"id":2168,"href":"https:\/\/www.atib16.at\/tr\/wp-json\/wp\/v2\/pages\/2166\/revisions\/2168"}],"wp:attachment":[{"href":"https:\/\/www.atib16.at\/tr\/wp-json\/wp\/v2\/media?parent=2166"}],"curies":[{"name":"wp","href":"https:\/\/api.w.org\/{rel}","templated":true}]}}