{"id":2161,"date":"2020-07-13T03:27:24","date_gmt":"2020-07-13T03:27:24","guid":{"rendered":"https:\/\/www.atib16.at\/?page_id=2161"},"modified":"2020-07-13T03:30:56","modified_gmt":"2020-07-13T03:30:56","slug":"unser-prophet-muhammed","status":"publish","type":"page","link":"https:\/\/www.atib16.at\/tr\/unser-prophet-muhammed","title":{"rendered":"Unser Prophet Muhammed"},"content":{"rendered":"<section class=\"wpb-content-wrapper\"><div class=\"vc_row wpb_row vc_row-fluid\"><div class=\"wpb_column vc_column_container vc_col-sm-12\"><div class=\"vc_column-inner\"><div class=\"wpb_wrapper\">\n\t<div class=\"wpb_text_column wpb_content_element\" >\n\t\t<div class=\"wpb_wrapper\">\n\t\t\t<h2>Muhammed, Der Gesandte Gottes<\/h2>\n<h5>Propheten sind Gottesgesandte, die g\u00f6ttliche Botschaften empfangen und verk\u00fcndigen. Sie sind Vermittler der Offenbarungen Gottes.<\/h5>\n<h5>Muhammed (Friede sei \u00fcber ihm) ist der letzte Gesandte Gottes. Ihm hat Gott sein Wort, den Koran, innnerhalb von 23 Jahren offenbart. Er ist Vorbild f\u00fcr die\u00a0 Muslime. Seine Ausspr\u00fcche, seine Verhaltens- und Lebensweisen wurden von seinen Gef\u00e4hrten festgehalten und als so genannte Prophetentraditionen (hadis) \u00fcberliefert.<\/h5>\n\n\t\t<\/div>\n\t<\/div>\n<\/div><\/div><\/div><\/div><div class=\"vc_row wpb_row vc_row-fluid\"><div class=\"wpb_column vc_column_container vc_col-sm-6\"><div class=\"vc_column-inner\"><div class=\"wpb_wrapper\">\n\t<div  class=\"wpb_single_image wpb_content_element vc_align_left\">\n\t\t\n\t\t<figure class=\"wpb_wrapper vc_figure\">\n\t\t\t<div class=\"vc_single_image-wrapper   vc_box_border_grey\"><img fetchpriority=\"high\" decoding=\"async\" width=\"500\" height=\"500\" src=\"https:\/\/www.atib16.at\/wp-content\/uploads\/2020\/07\/hz-muhammed.png\" class=\"vc_single_image-img attachment-large\" alt=\"\" title=\"hz-muhammed\" srcset=\"https:\/\/www.atib16.at\/wp-content\/uploads\/2020\/07\/hz-muhammed.png 500w, https:\/\/www.atib16.at\/wp-content\/uploads\/2020\/07\/hz-muhammed-300x300.png 300w, https:\/\/www.atib16.at\/wp-content\/uploads\/2020\/07\/hz-muhammed-150x150.png 150w\" sizes=\"(max-width: 500px) 100vw, 500px\"  data-dt-location=\"https:\/\/www.atib16.at\/tr\/unser-prophet-muhammed\/hz-muhammed\" \/><\/div>\n\t\t<\/figure>\n\t<\/div>\n<\/div><\/div><\/div><div class=\"wpb_column vc_column_container vc_col-sm-6\"><div class=\"vc_column-inner\"><div class=\"wpb_wrapper\">\n\t<div class=\"wpb_text_column wpb_content_element\" >\n\t\t<div class=\"wpb_wrapper\">\n\t\t\t<h2>Kindheit und Jugenzeit<\/h2>\n<h5>Muhammed\u00a0 (F.s.\u00fc.i.) wurde um das Jahr 571 n. Chr. in Mekka auf der Arabischen Halbinsel geboren und geh\u00f6rte dem Stamm der Quraish an. Seine Abstammung geht auf den Propheten Ismael, den Sohn Abrahams und Hagars, zur\u00fcck. Der Prophet verlor fr\u00fch seinen Vater Abdullah und seine Mutter Amina. Als Vollwaise wuchs er zun\u00e4chst bei seinem Gro\u00dfvater Abd\u2019al-Muttalib, sp\u00e4ter bei seinem Onkel Abu Talib auf.<\/h5>\n<h5>Der G\u00f6tzendienst (Polytheismus) war zur damaligen Zeit in Mekka sehr verbreitet.\u00a0Die gesellschaftlichen Lebensumst\u00e4nde dort waren\u00a0schlecht und grausam.<\/h5>\n<h5>Der Prophet entwickelte sich bereits vor seiner Gottesgesandtschaft f\u00fcr seine Umwelt und Mitmenschen zu einer vertrauensw\u00fcrdigen Pers\u00f6nlichkeit und erhielt demgem\u00e4\u00df den Beinamen &#8222;Muhammed el-Amin&#8220; (Muhammed der Vertrauensw\u00fcrdige). Jedermann vertraute ihm seine wertvollsten Gegenst\u00e4nde an, die er sonst niemandem \u00fcbergeben konnte. Gott erw\u00e4hlte ihn als seinen letzten Propheten\u00a0und bereitete ihn auf seine gro\u00dfe Aufgabe vor. Er galt als eine fehlerfreie, makellose Pers\u00f6nlichkeit und war vor S\u00fcnden gefeit.<\/h5>\n<h5>Etwa im Alter von 25 Jahren heiratete der Prophet Khadidja, f\u00fcr die er bereits Handelsbeziehungen \u00fcbte. Sie hatten zwei gemeinsame S\u00f6hne und vier T\u00f6chter.<\/h5>\n\n\t\t<\/div>\n\t<\/div>\n<\/div><\/div><\/div><\/div>\n<\/section>","protected":false},"excerpt":{"rendered":"<p>Muhammed, Der Gesandte Gottes Propheten sind Gottesgesandte, die g\u00f6ttliche Botschaften empfangen und verk\u00fcndigen. Sie sind Vermittler der Offenbarungen Gottes. Muhammed (Friede sei \u00fcber ihm) ist der letzte Gesandte Gottes. Ihm hat Gott sein Wort, den Koran, innnerhalb von 23 Jahren offenbart. Er ist Vorbild f\u00fcr die\u00a0 Muslime. Seine Ausspr\u00fcche, seine Verhaltens- und Lebensweisen wurden von&hellip;<\/p>","protected":false},"author":1,"featured_media":0,"parent":0,"menu_order":0,"comment_status":"closed","ping_status":"closed","template":"","meta":[],"class_list":["post-2161","page","type-page","status-publish","hentry","description-off"],"_links":{"self":[{"href":"https:\/\/www.atib16.at\/tr\/wp-json\/wp\/v2\/pages\/2161","targetHints":{"allow":["GET"]}}],"collection":[{"href":"https:\/\/www.atib16.at\/tr\/wp-json\/wp\/v2\/pages"}],"about":[{"href":"https:\/\/www.atib16.at\/tr\/wp-json\/wp\/v2\/types\/page"}],"author":[{"embeddable":true,"href":"https:\/\/www.atib16.at\/tr\/wp-json\/wp\/v2\/users\/1"}],"replies":[{"embeddable":true,"href":"https:\/\/www.atib16.at\/tr\/wp-json\/wp\/v2\/comments?post=2161"}],"version-history":[{"count":3,"href":"https:\/\/www.atib16.at\/tr\/wp-json\/wp\/v2\/pages\/2161\/revisions"}],"predecessor-version":[{"id":2165,"href":"https:\/\/www.atib16.at\/tr\/wp-json\/wp\/v2\/pages\/2161\/revisions\/2165"}],"wp:attachment":[{"href":"https:\/\/www.atib16.at\/tr\/wp-json\/wp\/v2\/media?parent=2161"}],"curies":[{"name":"wp","href":"https:\/\/api.w.org\/{rel}","templated":true}]}}