{"id":2153,"date":"2020-07-13T03:21:11","date_gmt":"2020-07-13T03:21:11","guid":{"rendered":"https:\/\/www.atib16.at\/?page_id=2153"},"modified":"2020-07-13T03:22:45","modified_gmt":"2020-07-13T03:22:45","slug":"was-ist-islam","status":"publish","type":"page","link":"https:\/\/www.atib16.at\/tr\/was-ist-islam","title":{"rendered":"Was ist Islam?"},"content":{"rendered":"<section class=\"wpb-content-wrapper\"><div class=\"vc_row wpb_row vc_row-fluid\"><div class=\"wpb_column vc_column_container vc_col-sm-12\"><div class=\"vc_column-inner\"><div class=\"wpb_wrapper\">\n\t<div class=\"wpb_text_column wpb_content_element\" >\n\t\t<div class=\"wpb_wrapper\">\n\t\t\t<h5 class=\"text-center\">Der Begriff Islam bedeutet w\u00f6rtlich \u00fcbersetzt \u201eHinwendung\u201c und \u201eUnterwerfung\u201c. Gemeint ist die Hingabe zu Gott (\u201e<a href=\"https:\/\/religion.orf.at\/lexikon\/stories\/2556870\/\" target=\"_blank\" rel=\"noopener noreferrer\">Allah<\/a>\u201c), dessen Einheit und Einzigartigkeit der zentrale Glaubensinhalt im Islam ist. Das Partizip Muslim, \u201eder sich Ergebende\u201c, bezeichnet die Anh\u00e4nger des Islam.<\/h5>\n<h5>Islam bedeutet zugleich Frieden, Sicherheit und die freiwillige Hingabe an Gott. Der Islam hat das Ziel, die Menschen auf der Erde und im Jenseits zum Gl\u00fcck und zur inneren Ruhe zu f\u00fchren. Er hat zu allen Lebenslagen der Menschen Probleml\u00f6sungen vorgeschlagen. Toleranz, Liebe und Gleichheit sind wichtige Elemente des Islam.<\/h5>\n<h5>Zwischen Islam, Christentum und Judentum gibt es sehr viele \u00c4hnlichkeiten. Wer ist ein Muslim ? Die Anh\u00e4nger des Islam werden mit \u201eMuslim\u201c bezeichnet. Dieses Wort ist ein arabisches Partizip und bezeichnet diejenigen, die &#8222;sich Gott unterwerfen\u201c und sich \u201ezum Islam bekennen\u201c. Deshalb ist auch die Bezeichnung &#8222;Mohammedaner\u201c falsch. Denn wir sind nicht die Anh\u00e4nger von Muhammed, auch wird er nicht von Muslimen verg\u00f6ttlicht, sondern die Muslime glauben nur an den einen und einzigen Gott, der im Islam Allah hei\u00dft. Durch das Aussprechen des Glaubensbekenntnisses, die Schahada, mit der wir bezeugen, dass wir an keinen anderen Gott glauben, au\u00dfer an Allah und dass Muhammed sein Diener und Gesandte ist, wird der \u00fcbertritt zum Islam vollzogen. Das Bekenntnis darf nicht erzwungen werden.<\/h5>\n<h5>Die Entscheidung muss mit reinem Gewissen folgen. Eine Taufe wie im Christentum gibt es nicht. Eine Person, die dieses Bekenntnis abgelegt hat wird Muslim\/in genannt. Nach einem Hadis, einer Aussage des Propheten Muhammed (Friede sei mit ihm), hat sich ein Muslim so zu verhalten, dass sich kein Mensch vor dessen Worten und Taten zu f\u00fcrchten hat.<\/h5>\n\n\t\t<\/div>\n\t<\/div>\n<\/div><\/div><\/div><\/div><div class=\"vc_row wpb_row vc_row-fluid\"><div class=\"wpb_column vc_column_container vc_col-sm-12\"><div class=\"vc_column-inner\"><div class=\"wpb_wrapper\"><style type=\"text\/css\" data-type=\"the7_shortcodes-inline-css\">#default-btn-f88a6e58761f89756e11033bef0bb971.ico-right-side > i {\n  margin-right: 0px;\n  margin-left: 8px;\n}\n#default-btn-f88a6e58761f89756e11033bef0bb971 > i {\n  margin-right: 8px;\n}\n#default-btn-f88a6e58761f89756e11033bef0bb971 * {\n  vertical-align: middle;\n}\n<\/style><a href=\"https:\/\/www.diyanet.gov.tr\/tr-TR\/Information\/Index\" class=\"default-btn-shortcode dt-btn dt-btn-s link-hover-off btn-inline-left\" target=\"_blank\" id=\"default-btn-f88a6e58761f89756e11033bef0bb971\" rel=\"noopener\"><span>Klicken Sie f\u00fcr den Islam mit allen Details<\/span><\/a><\/div><\/div><\/div><\/div>\n<\/section>","protected":false},"excerpt":{"rendered":"<p>Der Begriff Islam bedeutet w\u00f6rtlich \u00fcbersetzt \u201eHinwendung\u201c und \u201eUnterwerfung\u201c. Gemeint ist die Hingabe zu Gott (\u201eAllah\u201c), dessen Einheit und Einzigartigkeit der zentrale Glaubensinhalt im Islam ist. Das Partizip Muslim, \u201eder sich Ergebende\u201c, bezeichnet die Anh\u00e4nger des Islam. Islam bedeutet zugleich Frieden, Sicherheit und die freiwillige Hingabe an Gott. Der Islam hat das Ziel, die Menschen&hellip;<\/p>","protected":false},"author":1,"featured_media":0,"parent":0,"menu_order":0,"comment_status":"closed","ping_status":"closed","template":"","meta":[],"class_list":["post-2153","page","type-page","status-publish","hentry","description-off"],"_links":{"self":[{"href":"https:\/\/www.atib16.at\/tr\/wp-json\/wp\/v2\/pages\/2153","targetHints":{"allow":["GET"]}}],"collection":[{"href":"https:\/\/www.atib16.at\/tr\/wp-json\/wp\/v2\/pages"}],"about":[{"href":"https:\/\/www.atib16.at\/tr\/wp-json\/wp\/v2\/types\/page"}],"author":[{"embeddable":true,"href":"https:\/\/www.atib16.at\/tr\/wp-json\/wp\/v2\/users\/1"}],"replies":[{"embeddable":true,"href":"https:\/\/www.atib16.at\/tr\/wp-json\/wp\/v2\/comments?post=2153"}],"version-history":[{"count":3,"href":"https:\/\/www.atib16.at\/tr\/wp-json\/wp\/v2\/pages\/2153\/revisions"}],"predecessor-version":[{"id":2156,"href":"https:\/\/www.atib16.at\/tr\/wp-json\/wp\/v2\/pages\/2153\/revisions\/2156"}],"wp:attachment":[{"href":"https:\/\/www.atib16.at\/tr\/wp-json\/wp\/v2\/media?parent=2153"}],"curies":[{"name":"wp","href":"https:\/\/api.w.org\/{rel}","templated":true}]}}