{"id":2149,"date":"2020-07-13T03:17:29","date_gmt":"2020-07-13T03:17:29","guid":{"rendered":"https:\/\/www.atib16.at\/?page_id=2149"},"modified":"2020-07-13T03:18:56","modified_gmt":"2020-07-13T03:18:56","slug":"mission","status":"publish","type":"page","link":"https:\/\/www.atib16.at\/tr\/mission","title":{"rendered":"Mission"},"content":{"rendered":"<section class=\"wpb-content-wrapper\"><div class=\"vc_row wpb_row vc_row-fluid\"><div class=\"wpb_column vc_column_container vc_col-sm-12\"><div class=\"vc_column-inner\"><div class=\"wpb_wrapper\">\n\t<div class=\"wpb_text_column wpb_content_element\" >\n\t\t<div class=\"wpb_wrapper\">\n\t\t\t<p><span style=\"color: #000000;\"><strong>Derne\u011fimiz resmi olarak 07.04.1989 tarihinde Avustuya&#8217;n\u0131n ba\u015fkenti olan Viyana&#8217;n\u0131n 17. b\u00f6lgesinde kurulmu\u015ftur. <\/strong><strong>\u0130lk kurulu\u015funda ki hedefi Viyana da ya\u015fayan m\u00fcsl\u00fcmanl t\u00fcrklere dini hizmetler sunmak ve gen\u00e7ler i\u00e7in g\u00fczel bir ortam olu\u015fturmak olmu\u015ftur.<\/strong><\/span><\/p>\n<p><span style=\"color: #000000;\"><strong>Derne\u011fimiz zamanla alan olarak cemaatimize ve \u00fcyelerimize yetersiz kald\u0131\u011f\u0131ndan 1999 y\u0131l\u0131nda Viyana&#8217;n\u0131n 16. B\u00f6lgesinde m\u00fclkiyeti kendine ait olan \u015fuan ki mevcut binaya ta\u015f\u0131nd\u0131. <\/strong><strong>Derne\u011fimiz bay ve bayan cemaatimize ba\u015fta cami hizmetleri olmak \u00fczere k\u00fclt\u00fcrel ve sosyal hizmetler sunmaktad\u0131r.<\/strong><\/span><\/p>\n<p><span style=\"color: #000000;\"><strong>Zamanla avrupada ki m\u00fcsl\u00fcmanlar\u0131n ihtiya\u00e7lar\u0131da farkl\u0131la\u015ft\u0131. Dernek olarak bu ihtiya\u00e7lara cevap vereme gayretindeyiz. <\/strong><strong>Derne\u011fimiz tatil g\u00fcnlerinde \u00f6zellikle gen\u00e7 cemaatimizin bir araya geldi\u011fi bir mekand\u0131r. <\/strong><strong>Avrupada cami derne\u011fi demek m\u00fcsl\u00fcmanlar\u0131n bo\u015f zamanlar\u0131nda bir araya gelip toplan\u0131p hasbihal etti\u011fi yer demek.<\/strong><\/span><\/p>\n\n\t\t<\/div>\n\t<\/div>\n<\/div><\/div><\/div><\/div>\n<\/section>","protected":false},"excerpt":{"rendered":"<p>Derne\u011fimiz resmi olarak 07.04.1989 tarihinde Avustuya&#8217;n\u0131n ba\u015fkenti olan Viyana&#8217;n\u0131n 17. b\u00f6lgesinde kurulmu\u015ftur. \u0130lk kurulu\u015funda ki hedefi Viyana da ya\u015fayan m\u00fcsl\u00fcmanl t\u00fcrklere dini hizmetler sunmak ve gen\u00e7ler i\u00e7in g\u00fczel bir ortam olu\u015fturmak olmu\u015ftur. Derne\u011fimiz zamanla alan olarak cemaatimize ve \u00fcyelerimize yetersiz kald\u0131\u011f\u0131ndan 1999 y\u0131l\u0131nda Viyana&#8217;n\u0131n 16. B\u00f6lgesinde m\u00fclkiyeti kendine ait olan \u015fuan ki mevcut binaya ta\u015f\u0131nd\u0131.&hellip;<\/p>","protected":false},"author":1,"featured_media":0,"parent":0,"menu_order":0,"comment_status":"closed","ping_status":"closed","template":"","meta":[],"class_list":["post-2149","page","type-page","status-publish","hentry","description-off"],"_links":{"self":[{"href":"https:\/\/www.atib16.at\/tr\/wp-json\/wp\/v2\/pages\/2149","targetHints":{"allow":["GET"]}}],"collection":[{"href":"https:\/\/www.atib16.at\/tr\/wp-json\/wp\/v2\/pages"}],"about":[{"href":"https:\/\/www.atib16.at\/tr\/wp-json\/wp\/v2\/types\/page"}],"author":[{"embeddable":true,"href":"https:\/\/www.atib16.at\/tr\/wp-json\/wp\/v2\/users\/1"}],"replies":[{"embeddable":true,"href":"https:\/\/www.atib16.at\/tr\/wp-json\/wp\/v2\/comments?post=2149"}],"version-history":[{"count":3,"href":"https:\/\/www.atib16.at\/tr\/wp-json\/wp\/v2\/pages\/2149\/revisions"}],"predecessor-version":[{"id":2152,"href":"https:\/\/www.atib16.at\/tr\/wp-json\/wp\/v2\/pages\/2149\/revisions\/2152"}],"wp:attachment":[{"href":"https:\/\/www.atib16.at\/tr\/wp-json\/wp\/v2\/media?parent=2149"}],"curies":[{"name":"wp","href":"https:\/\/api.w.org\/{rel}","templated":true}]}}