{"id":2146,"date":"2020-07-13T03:12:29","date_gmt":"2020-07-13T03:12:29","guid":{"rendered":"https:\/\/www.atib16.at\/?page_id=2146"},"modified":"2020-07-13T03:15:52","modified_gmt":"2020-07-13T03:15:52","slug":"vision","status":"publish","type":"page","link":"https:\/\/www.atib16.at\/tr\/vision","title":{"rendered":"Vision"},"content":{"rendered":"<section class=\"wpb-content-wrapper\"><div class=\"vc_row wpb_row vc_row-fluid\"><div class=\"wpb_column vc_column_container vc_col-sm-12\"><div class=\"vc_column-inner\"><div class=\"wpb_wrapper\">\n\t<div class=\"wpb_text_column wpb_content_element\" >\n\t\t<div class=\"wpb_wrapper\">\n\t\t\t<p><strong><span style=\"color: #000000;\">Derne\u011fimizin bulundu\u011fu mevcut bina hem cami alan\u0131 hemde faaliyet al\u0131n\u0131 olarak yetersiz kalmaktad\u0131r. Bu ihtiya\u00e7 g\u00fcn ge\u00e7tik\u00e7e artmaktad\u0131r. <\/span><\/strong><strong><span style=\"color: #000000;\">\u00d6zellikle cuma g\u00fcnleri ve dini g\u00fcnlerde camimiz cemaatimizin taleplerini kar\u015f\u0131layamamaktad\u0131r. <\/span><\/strong><\/p>\n<p><strong><span style=\"color: #000000;\">Dernek olarak en b\u00fcy\u00fck gayemiz gelece\u011fimiz olan gen\u00e7lerimize, gen\u00e7 derken ba\u015fta gen\u00e7 k\u0131zlar\u0131m\u0131z, en iyi ve en g\u00fczel imkanlar\u0131 sunmakt\u0131r. <\/span><\/strong><strong><span style=\"color: #000000;\">Derne\u011fimizin bug\u00fcnlere gelmesinde b\u00fcy\u00fck katk\u0131s\u0131 olan bayanlar\u0131m\u0131za onlara derne\u011fimize geldiklerinde evlerindeymi\u015f gibi hissettirmek en b\u00fcy\u00fck arzular\u0131m\u0131zdand\u0131r.<\/span><\/strong><\/p>\n<p><strong><span style=\"color: #000000;\">Avrupada y\u0131llar\u0131n\u0131 ge\u00e7irmi\u015f, ya\u015fad\u0131\u011f\u0131 \u00fclkenin kalk\u0131nmas\u0131nda b\u00fcy\u00fck rol alm\u0131\u015f olan insanlar\u0131m\u0131z\u0131n her\u015feyin en g\u00fczelini hak etti\u011fini ve l\u00e2y\u0131k oldu\u011funa inanc\u0131m\u0131z tamd\u0131r. <\/span><\/strong><strong><span style=\"color: #000000;\">Bu sebepten dolay\u0131 \u00f6m\u00fcrlerinin b\u00fcy\u00fck bir k\u0131sm\u0131n\u0131 camilerde ge\u00e7iren insanlar\u0131m\u0131za en g\u00fczel mekan ve hizmetleri sunmak bizim g\u00f6revimizdir.<\/span><\/strong><\/p>\n<p><strong><span style=\"color: #000000;\">Hedefledi\u011fimiz ve arzulad\u0131\u011f\u0131m\u0131z hizmetlerimizi ger\u00e7ekle\u015ftirmek ad\u0131na b\u00fcy\u00fck bir projeye imza atmam\u0131z gerekmektedir. <\/span><\/strong><strong><span style=\"color: #000000;\">Y\u00f6netim ve Cemaat olarak hedefimiz yeni bir dernek binas\u0131 in\u015faa etmek. <\/span><\/strong><strong><span style=\"color: #000000;\">Bu hedef do\u011frultusunda i\u015fimizin zor oldu\u011funu ve daha fazla \u00e7al\u0131\u015fmam\u0131z gerekti\u011finin fark\u0131nday\u0131z.<\/span><\/strong><\/p>\n<p><strong><span style=\"color: #000000;\">Rabbimize G\u00fcveniyor Kullar\u0131na Inan\u0131yoruz&#8230;<\/span><\/strong><\/p>\n\n\t\t<\/div>\n\t<\/div>\n<\/div><\/div><\/div><\/div>\n<\/section>","protected":false},"excerpt":{"rendered":"<p>Derne\u011fimizin bulundu\u011fu mevcut bina hem cami alan\u0131 hemde faaliyet al\u0131n\u0131 olarak yetersiz kalmaktad\u0131r. Bu ihtiya\u00e7 g\u00fcn ge\u00e7tik\u00e7e artmaktad\u0131r. \u00d6zellikle cuma g\u00fcnleri ve dini g\u00fcnlerde camimiz cemaatimizin taleplerini kar\u015f\u0131layamamaktad\u0131r. Dernek olarak en b\u00fcy\u00fck gayemiz gelece\u011fimiz olan gen\u00e7lerimize, gen\u00e7 derken ba\u015fta gen\u00e7 k\u0131zlar\u0131m\u0131z, en iyi ve en g\u00fczel imkanlar\u0131 sunmakt\u0131r. Derne\u011fimizin bug\u00fcnlere gelmesinde b\u00fcy\u00fck katk\u0131s\u0131 olan bayanlar\u0131m\u0131za&hellip;<\/p>","protected":false},"author":1,"featured_media":0,"parent":0,"menu_order":0,"comment_status":"closed","ping_status":"closed","template":"","meta":[],"class_list":["post-2146","page","type-page","status-publish","hentry","description-off"],"_links":{"self":[{"href":"https:\/\/www.atib16.at\/tr\/wp-json\/wp\/v2\/pages\/2146","targetHints":{"allow":["GET"]}}],"collection":[{"href":"https:\/\/www.atib16.at\/tr\/wp-json\/wp\/v2\/pages"}],"about":[{"href":"https:\/\/www.atib16.at\/tr\/wp-json\/wp\/v2\/types\/page"}],"author":[{"embeddable":true,"href":"https:\/\/www.atib16.at\/tr\/wp-json\/wp\/v2\/users\/1"}],"replies":[{"embeddable":true,"href":"https:\/\/www.atib16.at\/tr\/wp-json\/wp\/v2\/comments?post=2146"}],"version-history":[{"count":2,"href":"https:\/\/www.atib16.at\/tr\/wp-json\/wp\/v2\/pages\/2146\/revisions"}],"predecessor-version":[{"id":2148,"href":"https:\/\/www.atib16.at\/tr\/wp-json\/wp\/v2\/pages\/2146\/revisions\/2148"}],"wp:attachment":[{"href":"https:\/\/www.atib16.at\/tr\/wp-json\/wp\/v2\/media?parent=2146"}],"curies":[{"name":"wp","href":"https:\/\/api.w.org\/{rel}","templated":true}]}}