{"id":1077,"date":"2017-12-06T11:41:13","date_gmt":"2017-12-06T11:41:13","guid":{"rendered":"https:\/\/the7.io\/dental\/?page_id=1077"},"modified":"2020-07-13T01:02:47","modified_gmt":"2020-07-13T01:02:47","slug":"nachrichten","status":"publish","type":"page","link":"https:\/\/www.atib16.at\/tr\/nachrichten","title":{"rendered":"Haberler"},"content":{"rendered":"<section class=\"wpb-content-wrapper\"><div class=\"vc_row wpb_row vc_row-fluid vc_custom_1514463599537\"><div class=\"wpb_column vc_column_container vc_col-sm-12\"><div class=\"vc_column-inner\"><div class=\"wpb_wrapper\"><style type=\"text\/css\" data-type=\"the7_shortcodes-inline-css\">.blog-shortcode.blog-masonry-shortcode-id-cf762fbdd9a6a450a38368d813f4ab7a.dividers-on.classic-layout-list article {\n  margin-top: ;\n  padding-top: 0;\n  border-color: ;\n}\n.blog-shortcode.blog-masonry-shortcode-id-cf762fbdd9a6a450a38368d813f4ab7a.dividers-on.classic-layout-list article:first-of-type {\n  margin-top: 0;\n  padding-top: 0;\n}\n.blog-shortcode.blog-masonry-shortcode-id-cf762fbdd9a6a450a38368d813f4ab7a.classic-layout-list.mode-list .post-thumbnail-wrap {\n  width: ;\n}\n.blog-shortcode.blog-masonry-shortcode-id-cf762fbdd9a6a450a38368d813f4ab7a.classic-layout-list.mode-list .post-entry-content {\n  width: calc(100% - );\n}\n.blog-shortcode.blog-masonry-shortcode-id-cf762fbdd9a6a450a38368d813f4ab7a.classic-layout-list.mode-list .no-img .post-entry-content {\n  width: 100%;\n}\n.blog-shortcode.blog-masonry-shortcode-id-cf762fbdd9a6a450a38368d813f4ab7a .filter-bg-decoration .filter-categories a.act {\n  color: #fff;\n}\n.blog-shortcode.blog-masonry-shortcode-id-cf762fbdd9a6a450a38368d813f4ab7a:not(.mode-masonry) article {\n  margin-top: ;\n}\n.blog-shortcode.blog-masonry-shortcode-id-cf762fbdd9a6a450a38368d813f4ab7a:not(.mode-masonry) article:first-of-type,\n.blog-shortcode.blog-masonry-shortcode-id-cf762fbdd9a6a450a38368d813f4ab7a:not(.mode-masonry) article.visible.first:not(.product) {\n  margin-top: 0;\n}\n.blog-shortcode.blog-masonry-shortcode-id-cf762fbdd9a6a450a38368d813f4ab7a.dividers-on:not(.mode-masonry) article {\n  margin-top: 0;\n  padding-top: ;\n}\n.blog-shortcode.blog-masonry-shortcode-id-cf762fbdd9a6a450a38368d813f4ab7a.dividers-on:not(.mode-masonry) article:first-of-type,\n.blog-shortcode.blog-masonry-shortcode-id-cf762fbdd9a6a450a38368d813f4ab7a.dividers-on:not(.mode-masonry) article.visible.first:not(.product) {\n  margin-top: 0;\n  padding-top: 0;\n}\n.blog-shortcode.blog-masonry-shortcode-id-cf762fbdd9a6a450a38368d813f4ab7a .post-thumbnail-wrap {\n  padding: 0px 0px 0px 0px;\n}\n.blog-shortcode.blog-masonry-shortcode-id-cf762fbdd9a6a450a38368d813f4ab7a.enable-bg-rollover .post-thumbnail-rollover:after {\n  background: ;\n  background: -webkit-linear-gradient();\n  background: linear-gradient();\n}\n.blog-shortcode.blog-masonry-shortcode-id-cf762fbdd9a6a450a38368d813f4ab7a .gallery-zoom-ico {\n  width: 40px;\n  height: 40px;\n  line-height: 40px;\n  border-radius: 0px;\n  margin: -20px 0 0 -20px;\n  border-width: 0px;\n  color: #ffffff;\n}\n.bottom-overlap-layout-list.blog-shortcode.blog-masonry-shortcode-id-cf762fbdd9a6a450a38368d813f4ab7a .gallery-zoom-ico {\n  margin-top: -70px;\n}\n.gradient-overlay-layout-list.blog-shortcode.blog-masonry-shortcode-id-cf762fbdd9a6a450a38368d813f4ab7a .gallery-zoom-ico,\n.content-rollover-layout-list.blog-shortcode.blog-masonry-shortcode-id-cf762fbdd9a6a450a38368d813f4ab7a .gallery-zoom-ico {\n  margin: 0 0 10px;\n}\n.content-align-center.gradient-overlay-layout-list.blog-shortcode.blog-masonry-shortcode-id-cf762fbdd9a6a450a38368d813f4ab7a .gallery-zoom-ico,\n.content-align-center.content-rollover-layout-list.blog-shortcode.blog-masonry-shortcode-id-cf762fbdd9a6a450a38368d813f4ab7a .gallery-zoom-ico {\n  margin: 0 auto 10px;\n}\n.blog-shortcode.blog-masonry-shortcode-id-cf762fbdd9a6a450a38368d813f4ab7a .gallery-zoom-ico > span,\n.blog-shortcode.blog-masonry-shortcode-id-cf762fbdd9a6a450a38368d813f4ab7a .gallery-zoom-ico:before {\n  font-size: 24px;\n  line-height: 40px;\n}\n.blog-shortcode.blog-masonry-shortcode-id-cf762fbdd9a6a450a38368d813f4ab7a .gallery-zoom-ico > span,\n.blog-shortcode.blog-masonry-shortcode-id-cf762fbdd9a6a450a38368d813f4ab7a .gallery-zoom-ico:before {\n  color: #ffffff;\n}\n.blog-shortcode.blog-masonry-shortcode-id-cf762fbdd9a6a450a38368d813f4ab7a .entry-title,\n.blog-shortcode.blog-masonry-shortcode-id-cf762fbdd9a6a450a38368d813f4ab7a.owl-carousel .entry-title {\n  margin-bottom: 10px;\n  font-size: 32px;\n  line-height: 42px;\n}\n.blog-shortcode.blog-masonry-shortcode-id-cf762fbdd9a6a450a38368d813f4ab7a .entry-meta {\n  margin-bottom: 15px;\n}\n.blog-shortcode.blog-masonry-shortcode-id-cf762fbdd9a6a450a38368d813f4ab7a .entry-meta * {\n  color: #2fcfde;\n}\n.blog-shortcode.blog-masonry-shortcode-id-cf762fbdd9a6a450a38368d813f4ab7a .portfolio-categories {\n  margin-bottom: 15px;\n}\n.blog-shortcode.blog-masonry-shortcode-id-cf762fbdd9a6a450a38368d813f4ab7a .entry-meta > a:after,\n.blog-shortcode.blog-masonry-shortcode-id-cf762fbdd9a6a450a38368d813f4ab7a .entry-meta > span:after {\n  background: #2fcfde;\n  box-shadow: none;\n}\n.blog-shortcode.blog-masonry-shortcode-id-cf762fbdd9a6a450a38368d813f4ab7a .entry-excerpt {\n  margin-bottom: 10px;\n  font-size: 16px;\n  line-height: 28px;\n}\n.blog-shortcode.blog-masonry-shortcode-id-cf762fbdd9a6a450a38368d813f4ab7a:not(.centered-layout-list) .post-entry-content {\n  padding: 25px 0px 10px 0px;\n}\n.blog-shortcode.blog-masonry-shortcode-id-cf762fbdd9a6a450a38368d813f4ab7a:not(.centered-layout-list):not(.content-bg-on):not(.mode-list) .no-img .post-entry-content {\n  padding: 0;\n}\n@media screen and (max-width: ) {\n  .blog-shortcode.blog-masonry-shortcode-id-cf762fbdd9a6a450a38368d813f4ab7a article {\n    -ms-flex-flow: column nowrap;\n    flex-flow: column nowrap;\n    margin-top: 20px;\n  }\n  .blog-shortcode.blog-masonry-shortcode-id-cf762fbdd9a6a450a38368d813f4ab7a.dividers-on article {\n    border: none;\n  }\n  .blog-shortcode.blog-masonry-shortcode-id-cf762fbdd9a6a450a38368d813f4ab7a.content-bg-on.centered-layout-list article {\n    padding: 0;\n  }\n  .blog-shortcode.blog-masonry-shortcode-id-cf762fbdd9a6a450a38368d813f4ab7a.blog-shortcode.dividers-on article,\n  .blog-shortcode.blog-masonry-shortcode-id-cf762fbdd9a6a450a38368d813f4ab7a.dividers-on.classic-layout-list article {\n    margin-top: 20px;\n    padding: 0;\n  }\n  .blog-shortcode.blog-masonry-shortcode-id-cf762fbdd9a6a450a38368d813f4ab7a.blog-shortcode.dividers-on article:first-of-type,\n  .blog-shortcode.blog-masonry-shortcode-id-cf762fbdd9a6a450a38368d813f4ab7a.dividers-on.classic-layout-list article:first-of-type {\n    padding: 0;\n  }\n  #page .blog-shortcode.blog-masonry-shortcode-id-cf762fbdd9a6a450a38368d813f4ab7a .post-thumbnail-wrap,\n  #page .blog-shortcode.blog-masonry-shortcode-id-cf762fbdd9a6a450a38368d813f4ab7a .post-entry-content {\n    width: 100%;\n    margin: 0;\n    top: 0;\n  }\n  #page .blog-shortcode.blog-masonry-shortcode-id-cf762fbdd9a6a450a38368d813f4ab7a .post-thumbnail-wrap {\n    padding: 0;\n  }\n  #page .blog-shortcode.blog-masonry-shortcode-id-cf762fbdd9a6a450a38368d813f4ab7a .post-entry-content:after {\n    display: none;\n  }\n  #page .blog-shortcode.blog-masonry-shortcode-id-cf762fbdd9a6a450a38368d813f4ab7a .project-even .post-thumbnail-wrap,\n  #page .blog-shortcode.blog-masonry-shortcode-id-cf762fbdd9a6a450a38368d813f4ab7a.centered-layout-list .post-thumbnail-wrap {\n    -ms-flex-order: 0;\n    order: 0;\n  }\n  #page .blog-shortcode.blog-masonry-shortcode-id-cf762fbdd9a6a450a38368d813f4ab7a.centered-layout-list .post-entry-title-content {\n    -ms-flex-order: 1;\n    order: 1;\n    width: 100%;\n    padding: 20px 20px 0;\n  }\n  #page .blog-shortcode.blog-masonry-shortcode-id-cf762fbdd9a6a450a38368d813f4ab7a.centered-layout-list .post-entry-content {\n    -ms-flex-order: 2;\n    order: 2;\n    padding-top: 0;\n  }\n  #page .blog-shortcode.blog-masonry-shortcode-id-cf762fbdd9a6a450a38368d813f4ab7a .fancy-categories {\n    top: 10px;\n    left: 10px;\n    bottom: auto;\n    right: auto;\n  }\n  #page .blog-shortcode.blog-masonry-shortcode-id-cf762fbdd9a6a450a38368d813f4ab7a .fancy-date a {\n    top: 10px;\n    right: 10px;\n    left: auto;\n    bottom: auto;\n  }\n  #page .blog-shortcode.blog-masonry-shortcode-id-cf762fbdd9a6a450a38368d813f4ab7a .post-entry-content {\n    padding: 20px;\n  }\n  #page .blog-shortcode.blog-masonry-shortcode-id-cf762fbdd9a6a450a38368d813f4ab7a .entry-title {\n    margin: 3px 0 5px;\n    font-size: 20px;\n    line-height: 26px;\n  }\n  #page .blog-shortcode.blog-masonry-shortcode-id-cf762fbdd9a6a450a38368d813f4ab7a .entry-meta {\n    margin: 5px 0 5px;\n  }\n  #page .blog-shortcode.blog-masonry-shortcode-id-cf762fbdd9a6a450a38368d813f4ab7a .entry-excerpt {\n    margin: 15px 0 0;\n  }\n  #page .blog-shortcode.blog-masonry-shortcode-id-cf762fbdd9a6a450a38368d813f4ab7a .post-details {\n    margin: 5px 0 10px;\n  }\n  #page .blog-shortcode.blog-masonry-shortcode-id-cf762fbdd9a6a450a38368d813f4ab7a .post-details.details-type-link {\n    margin-bottom: 2px;\n  }\n}\n.blog-shortcode.blog-masonry-shortcode-id-cf762fbdd9a6a450a38368d813f4ab7a:not(.resize-by-browser-width) .dt-css-grid {\n  grid-row-gap: 50px;\n  grid-column-gap: 50px;\n  grid-template-columns: repeat(auto-fill,minmax(,1fr));\n}\n.blog-shortcode.blog-masonry-shortcode-id-cf762fbdd9a6a450a38368d813f4ab7a:not(.resize-by-browser-width) .dt-css-grid .double-width {\n  grid-column: span 2;\n}\n.cssgridlegacy.no-cssgrid .blog-shortcode.blog-masonry-shortcode-id-cf762fbdd9a6a450a38368d813f4ab7a:not(.resize-by-browser-width) .dt-css-grid,\n.no-cssgridlegacy.no-cssgrid .blog-shortcode.blog-masonry-shortcode-id-cf762fbdd9a6a450a38368d813f4ab7a:not(.resize-by-browser-width) .dt-css-grid {\n  display: flex;\n  flex-flow: row wrap;\n  margin: -25px;\n}\n.cssgridlegacy.no-cssgrid .blog-shortcode.blog-masonry-shortcode-id-cf762fbdd9a6a450a38368d813f4ab7a:not(.resize-by-browser-width) .dt-css-grid .wf-cell,\n.no-cssgridlegacy.no-cssgrid .blog-shortcode.blog-masonry-shortcode-id-cf762fbdd9a6a450a38368d813f4ab7a:not(.resize-by-browser-width) .dt-css-grid .wf-cell {\n  flex: 1 0 ;\n  min-width: ;\n  max-width: 100%;\n  padding: 25px;\n  box-sizing: border-box;\n}\n.blog-shortcode.blog-masonry-shortcode-id-cf762fbdd9a6a450a38368d813f4ab7a.resize-by-browser-width .dt-css-grid {\n  grid-template-columns: repeat(2,1fr);\n  grid-template-rows: auto;\n  grid-column-gap: 50px;\n  grid-row-gap: 50px;\n}\n.blog-shortcode.blog-masonry-shortcode-id-cf762fbdd9a6a450a38368d813f4ab7a.resize-by-browser-width .dt-css-grid .double-width {\n  grid-column: span 2;\n}\n.cssgridlegacy.no-cssgrid .blog-shortcode.blog-masonry-shortcode-id-cf762fbdd9a6a450a38368d813f4ab7a.resize-by-browser-width .dt-css-grid {\n  margin: -25px;\n}\n.cssgridlegacy.no-cssgrid .blog-shortcode.blog-masonry-shortcode-id-cf762fbdd9a6a450a38368d813f4ab7a.resize-by-browser-width .dt-css-grid .wf-cell {\n  width: 50%;\n  padding: 25px;\n}\n.cssgridlegacy.no-cssgrid .blog-shortcode.blog-masonry-shortcode-id-cf762fbdd9a6a450a38368d813f4ab7a.resize-by-browser-width .dt-css-grid .wf-cell.double-width {\n  width: calc(50%) * 2;\n}\n.blog-shortcode.blog-masonry-shortcode-id-cf762fbdd9a6a450a38368d813f4ab7a.resize-by-browser-width:not(.centered-layout-list):not(.content-bg-on) .dt-css-grid {\n  grid-row-gap: 40px;\n}\n@media screen and (max-width: 1199px) {\n  .blog-shortcode.blog-masonry-shortcode-id-cf762fbdd9a6a450a38368d813f4ab7a.resize-by-browser-width .dt-css-grid {\n    grid-template-columns: repeat(2,1fr);\n  }\n  .cssgridlegacy.no-cssgrid .blog-shortcode.blog-masonry-shortcode-id-cf762fbdd9a6a450a38368d813f4ab7a.resize-by-browser-width .dt-css-grid .wf-cell,\n  .no-cssgridlegacy.no-cssgrid .blog-shortcode.blog-masonry-shortcode-id-cf762fbdd9a6a450a38368d813f4ab7a.resize-by-browser-width .dt-css-grid .wf-cell {\n    width: 50%;\n  }\n  .cssgridlegacy.no-cssgrid .blog-shortcode.blog-masonry-shortcode-id-cf762fbdd9a6a450a38368d813f4ab7a.resize-by-browser-width .dt-css-grid .wf-cell.double-width,\n  .no-cssgridlegacy.no-cssgrid .blog-shortcode.blog-masonry-shortcode-id-cf762fbdd9a6a450a38368d813f4ab7a.resize-by-browser-width .dt-css-grid .wf-cell.double-width {\n    width: calc(50%)*2;\n  }\n}\n@media screen and (max-width: 991px) {\n  .blog-shortcode.blog-masonry-shortcode-id-cf762fbdd9a6a450a38368d813f4ab7a.resize-by-browser-width .dt-css-grid {\n    grid-template-columns: repeat(1,1fr);\n  }\n  .cssgridlegacy.no-cssgrid .blog-shortcode.blog-masonry-shortcode-id-cf762fbdd9a6a450a38368d813f4ab7a.resize-by-browser-width .dt-css-grid .wf-cell,\n  .no-cssgridlegacy.no-cssgrid .blog-shortcode.blog-masonry-shortcode-id-cf762fbdd9a6a450a38368d813f4ab7a.resize-by-browser-width .dt-css-grid .wf-cell {\n    width: 100%;\n  }\n  .cssgridlegacy.no-cssgrid .blog-shortcode.blog-masonry-shortcode-id-cf762fbdd9a6a450a38368d813f4ab7a.resize-by-browser-width .dt-css-grid .wf-cell.double-width,\n  .no-cssgridlegacy.no-cssgrid .blog-shortcode.blog-masonry-shortcode-id-cf762fbdd9a6a450a38368d813f4ab7a.resize-by-browser-width .dt-css-grid .wf-cell.double-width {\n    width: calc(100%)*2;\n  }\n}\n@media screen and (max-width: 767px) {\n  .blog-shortcode.blog-masonry-shortcode-id-cf762fbdd9a6a450a38368d813f4ab7a.resize-by-browser-width .dt-css-grid {\n    grid-template-columns: repeat(1,1fr);\n  }\n  .cssgridlegacy.no-cssgrid .blog-shortcode.blog-masonry-shortcode-id-cf762fbdd9a6a450a38368d813f4ab7a.resize-by-browser-width .dt-css-grid .wf-cell,\n  .no-cssgridlegacy.no-cssgrid .blog-shortcode.blog-masonry-shortcode-id-cf762fbdd9a6a450a38368d813f4ab7a.resize-by-browser-width .dt-css-grid .wf-cell {\n    width: 100%;\n  }\n  .cssgridlegacy.no-cssgrid .blog-shortcode.blog-masonry-shortcode-id-cf762fbdd9a6a450a38368d813f4ab7a.resize-by-browser-width .dt-css-grid .wf-cell.double-width,\n  .no-cssgridlegacy.no-cssgrid .blog-shortcode.blog-masonry-shortcode-id-cf762fbdd9a6a450a38368d813f4ab7a.resize-by-browser-width .dt-css-grid .wf-cell.double-width {\n    width: calc(100%)*2;\n  }\n}\n<\/style><div class=\"blog-shortcode blog-masonry-shortcode-id-cf762fbdd9a6a450a38368d813f4ab7a mode-grid classic-layout-list jquery-filter vertical-fancy-style scale-img dt-css-grid-wrap enable-bg-rollover dt-icon-bg-on resize-by-browser-width loading-effect-none description-under-image\" data-padding=\"25px\" data-cur-page=\"1\" data-post-limit=\"-1\" data-pagination-mode=\"none\" data-desktop-columns-num=\"2\" data-v-tablet-columns-num=\"1\" data-h-tablet-columns-num=\"2\" data-phone-columns-num=\"1\" data-width=\"0px\" data-columns=\"0\"><div class=\"dt-css-grid\" ><div class=\"visible wf-cell\" data-post-id=\"2266\" data-date=\"2020-07-18T00:58:45+00:00\" data-name=\"K\u0131ymetli Cemaatimizin Dikkatine\"><article class=\"post project-odd visible post-2266 type-post status-publish format-standard has-post-thumbnail hentry category-uncategorized category-1\" data-name=\"K\u0131ymetli Cemaatimizin Dikkatine\" data-date=\"2020-07-18T00:58:45+00:00\">\n\n<div class=\"post-thumbnail-wrap\">\n\t<div class=\"post-thumbnail\">\n\t\t\n\t\t\n\t\t<a href=\"https:\/\/www.atib16.at\/tr\/kiymetli-cemaatimizin-dikkatine\" class=\"post-thumbnail-rollover layzr-bg layzr-bg\" ><img fetchpriority=\"high\" decoding=\"async\" class=\"iso-lazy-load preload-me iso-lazy-load\" src=\"data:image\/svg+xml,%3Csvg%20xmlns%3D&#39;http%3A%2F%2Fwww.w3.org%2F2000%2Fsvg&#39;%20viewBox%3D&#39;0%200%20990%20495&#39;%2F%3E\" data-src=\"https:\/\/www.atib16.at\/wp-content\/uploads\/2020\/07\/atib-990x495.png\" data-srcset=\"https:\/\/www.atib16.at\/wp-content\/uploads\/2020\/07\/atib-990x495.png 990w, https:\/\/www.atib16.at\/wp-content\/uploads\/2020\/07\/atib-1485x743.png 1485w\" alt=\"\" title=\"atib\" width=\"990\" height=\"495\"  \/><span class=\"gallery-zoom-ico icomoon-the7-font-the7-more-01\"><span><\/span><\/span><\/a>\t<\/div>\n<\/div>\n\n\n<div class=\"post-entry-content\">\n\n\t<h3 class=\"entry-title\">\n\t\t<a href=\"https:\/\/www.atib16.at\/tr\/kiymetli-cemaatimizin-dikkatine\" title=\"K\u0131ymetli Cemaatimizin Dikkatine\" rel=\"bookmark\">K\u0131ymetli Cemaatimizin Dikkatine<\/a>\n\t<\/h3>\n\n\t<div class=\"entry-meta\"><span class=\"category-link\"><a href=\"https:\/\/www.atib16.at\/tr\/category\/uncategorized\" >Uncategorized<\/a><\/span><a class=\"author vcard\" href=\"https:\/\/www.atib16.at\/tr\/author\/atib16\" title=\"View all posts by atib16\" rel=\"author\">By <span class=\"fn\">atib16<\/span><\/a><a href=\"https:\/\/www.atib16.at\/tr\/2020\/07\/18\" title=\"12:58 am\" class=\"data-link\" rel=\"bookmark\"><time class=\"entry-date updated\" datetime=\"2020-07-18T00:58:45+00:00\">Temmuz 18, 2020<\/time><\/a><a href=\"https:\/\/www.atib16.at\/tr\/kiymetli-cemaatimizin-dikkatine#respond\" class=\"comment-link\" >Leave a comment<\/a><\/div>\n\t<div class=\"entry-excerpt\"><p>K\u0131ymetli Cemaatimiz,<\/p>\n<p>Son g\u00fcnlerdeki salg\u0131nda ki art\u0131\u015f nedeni ile VAK\u0130T NAMAZLARINDA tekrardan MASKE ve SECCADE kural\u0131n\u0131 geri getirmi\u015f bulunmaktay\u0131z. <\/p>\n<p>Maskenizi ve Seccadenizi beraberinizde getirmenizi rica eder,<br \/>\nGiri\u015f ve \u00c7\u0131k\u0131\u015flarda y\u0131\u011f\u0131lma olmamas\u0131na dikkat etmenizi ve sosyal mesafeyi korunman\u0131z\u0131 ayr\u0131ca rica ederiz.<\/p>\n<p>ATIB 16<br \/>\nY\u00f6netim Kurulu<\/p>\n<\/div>\n\t<a href=\"https:\/\/www.atib16.at\/tr\/kiymetli-cemaatimizin-dikkatine\" class=\"dt-btn-s dt-btn post-details details-type-btn\" rel=\"nofollow\">Read more<i class=\"dt-icon-the7-arrow-03\" aria-hidden=\"true\"><\/i><\/a>\n<\/div><\/article><\/div><div class=\"visible wf-cell\" data-post-id=\"694\" data-date=\"2017-11-05T02:59:24+00:00\" data-name=\"Haf\u0131z Emin \u00c7ELEN Hocam\u0131z Canl\u0131 Yay\u0131nda Bizlerleydi\"><article class=\"post project-odd visible post-694 type-post status-publish format-standard has-post-thumbnail hentry category-news category-4\" data-name=\"Haf\u0131z Emin \u00c7ELEN Hocam\u0131z Canl\u0131 Yay\u0131nda Bizlerleydi\" data-date=\"2017-11-05T02:59:24+00:00\">\n\n<div class=\"post-thumbnail-wrap\">\n\t<div class=\"post-thumbnail\">\n\t\t\n\t\t\n\t\t<a href=\"https:\/\/www.atib16.at\/tr\/hafiz-emin-celen-hocamiz-canli-yayinda-bizlerleydi\" class=\"post-thumbnail-rollover layzr-bg layzr-bg\" ><img decoding=\"async\" class=\"iso-lazy-load preload-me iso-lazy-load\" src=\"data:image\/svg+xml,%3Csvg%20xmlns%3D&#39;http%3A%2F%2Fwww.w3.org%2F2000%2Fsvg&#39;%20viewBox%3D&#39;0%200%20960%20480&#39;%2F%3E\" data-src=\"https:\/\/www.atib16.at\/wp-content\/uploads\/2017\/11\/105487171_3361485160536937_2067743598118515845_o-960x480.jpg\" data-srcset=\"https:\/\/www.atib16.at\/wp-content\/uploads\/2017\/11\/105487171_3361485160536937_2067743598118515845_o-960x480.jpg 960w\" alt=\"\" title=\"105487171_3361485160536937_2067743598118515845_o\" width=\"960\" height=\"480\"  \/><span class=\"gallery-zoom-ico icomoon-the7-font-the7-more-01\"><span><\/span><\/span><\/a>\t<\/div>\n<\/div>\n\n\n<div class=\"post-entry-content\">\n\n\t<h3 class=\"entry-title\">\n\t\t<a href=\"https:\/\/www.atib16.at\/tr\/hafiz-emin-celen-hocamiz-canli-yayinda-bizlerleydi\" title=\"Haf\u0131z Emin \u00c7ELEN Hocam\u0131z Canl\u0131 Yay\u0131nda Bizlerleydi\" rel=\"bookmark\">Haf\u0131z Emin \u00c7ELEN Hocam\u0131z Canl\u0131 Yay\u0131nda Bizlerleydi<\/a>\n\t<\/h3>\n\n\t<div class=\"entry-meta\"><span class=\"category-link\"><a href=\"https:\/\/www.atib16.at\/tr\/category\/news\" >News<\/a><\/span><a class=\"author vcard\" href=\"https:\/\/www.atib16.at\/tr\/author\/atib16\" title=\"View all posts by atib16\" rel=\"author\">By <span class=\"fn\">atib16<\/span><\/a><a href=\"https:\/\/www.atib16.at\/tr\/2017\/11\/05\" title=\"2:59 am\" class=\"data-link\" rel=\"bookmark\"><time class=\"entry-date updated\" datetime=\"2017-11-05T02:59:24+00:00\">Kas\u0131m 5, 2017<\/time><\/a><a href=\"https:\/\/www.atib16.at\/tr\/hafiz-emin-celen-hocamiz-canli-yayinda-bizlerleydi#respond\" class=\"comment-link\" >Leave a comment<\/a><\/div>\n\t<div class=\"entry-excerpt\"><p>Haf\u0131z Emin \u00c7ELEN Hocam\u0131za bizlerin ricas\u0131n\u0131 geri \u00e7evirmeyip yapm\u0131\u015f oldu\u011fu canl\u0131 yay\u0131ndan dolay\u0131 te\u015fekk\u00fcr ederiz..<br \/>\nAllah raz\u0131 olsun.<\/p>\n<\/div>\n\t<a href=\"https:\/\/www.atib16.at\/tr\/hafiz-emin-celen-hocamiz-canli-yayinda-bizlerleydi\" class=\"dt-btn-s dt-btn post-details details-type-btn\" rel=\"nofollow\">Read more<i class=\"dt-icon-the7-arrow-03\" aria-hidden=\"true\"><\/i><\/a>\n<\/div><\/article><\/div><div class=\"visible wf-cell\" data-post-id=\"697\" data-date=\"2017-11-05T02:52:57+00:00\" data-name=\"Halil KONAKCI Hocam\u0131z Canl\u0131 Yay\u0131nda Bizlerle Bulu\u015ftu\"><article class=\"post project-odd visible post-697 type-post status-publish format-standard has-post-thumbnail hentry category-uncategorized category-1\" data-name=\"Halil KONAKCI Hocam\u0131z Canl\u0131 Yay\u0131nda Bizlerle Bulu\u015ftu\" data-date=\"2017-11-05T02:52:57+00:00\">\n\n<div class=\"post-thumbnail-wrap\">\n\t<div class=\"post-thumbnail\">\n\t\t\n\t\t\n\t\t<a href=\"https:\/\/www.atib16.at\/tr\/halil-konakci-hocamiz-canli-yayinda-bizlerle-bulustu\" class=\"post-thumbnail-rollover layzr-bg layzr-bg\" ><img decoding=\"async\" class=\"iso-lazy-load preload-me iso-lazy-load\" src=\"data:image\/svg+xml,%3Csvg%20xmlns%3D&#39;http%3A%2F%2Fwww.w3.org%2F2000%2Fsvg&#39;%20viewBox%3D&#39;0%200%20990%20495&#39;%2F%3E\" data-src=\"https:\/\/www.atib16.at\/wp-content\/uploads\/2017\/11\/WhatsApp-Image-2020-05-11-at-02.22.34-990x495.png\" data-srcset=\"https:\/\/www.atib16.at\/wp-content\/uploads\/2017\/11\/WhatsApp-Image-2020-05-11-at-02.22.34-990x495.png 990w, https:\/\/www.atib16.at\/wp-content\/uploads\/2017\/11\/WhatsApp-Image-2020-05-11-at-02.22.34-1280x640.png 1280w\" alt=\"\" title=\"WhatsApp Image 2020-05-11 at 02.22.34\" width=\"990\" height=\"495\"  \/><span class=\"gallery-zoom-ico icomoon-the7-font-the7-more-01\"><span><\/span><\/span><\/a>\t<\/div>\n<\/div>\n\n\n<div class=\"post-entry-content\">\n\n\t<h3 class=\"entry-title\">\n\t\t<a href=\"https:\/\/www.atib16.at\/tr\/halil-konakci-hocamiz-canli-yayinda-bizlerle-bulustu\" title=\"Halil KONAKCI Hocam\u0131z Canl\u0131 Yay\u0131nda Bizlerle Bulu\u015ftu\" rel=\"bookmark\">Halil KONAKCI Hocam\u0131z Canl\u0131 Yay\u0131nda Bizlerle Bulu\u015ftu<\/a>\n\t<\/h3>\n\n\t<div class=\"entry-meta\"><span class=\"category-link\"><a href=\"https:\/\/www.atib16.at\/tr\/category\/uncategorized\" >Uncategorized<\/a><\/span><a class=\"author vcard\" href=\"https:\/\/www.atib16.at\/tr\/author\/atib16\" title=\"View all posts by atib16\" rel=\"author\">By <span class=\"fn\">atib16<\/span><\/a><a href=\"https:\/\/www.atib16.at\/tr\/2017\/11\/05\" title=\"2:52 am\" class=\"data-link\" rel=\"bookmark\"><time class=\"entry-date updated\" datetime=\"2017-11-05T02:52:57+00:00\">Kas\u0131m 5, 2017<\/time><\/a><a href=\"https:\/\/www.atib16.at\/tr\/halil-konakci-hocamiz-canli-yayinda-bizlerle-bulustu#respond\" class=\"comment-link\" >Leave a comment<\/a><\/div>\n\t<div class=\"entry-excerpt\"><p>Halil KONAKCI Hocam\u0131za Sayfam\u0131zdan yapm\u0131\u015f oldu\u011fu Canl\u0131 Yay\u0131ndan dolay\u0131 te\u015fekk\u00fcrederiz.. Rabbimiz kendilerinden raz\u0131 olsun.. Hocam\u0131z\u0131 ilk f\u0131rsatta Viyana da a\u011f\u0131rlamay\u0131 \u00fcmid ediyoruz..<\/p>\n<\/div>\n\t<a href=\"https:\/\/www.atib16.at\/tr\/halil-konakci-hocamiz-canli-yayinda-bizlerle-bulustu\" class=\"dt-btn-s dt-btn post-details details-type-btn\" rel=\"nofollow\">Read more<i class=\"dt-icon-the7-arrow-03\" aria-hidden=\"true\"><\/i><\/a>\n<\/div><\/article><\/div><div class=\"visible wf-cell\" data-post-id=\"692\" data-date=\"2017-11-05T02:50:40+00:00\" data-name=\"Cras et lectus non nisl imperdiet in enim in velit feugiat\"><article class=\"post project-odd visible post-692 type-post status-publish format-standard has-post-thumbnail hentry category-news category-4\" data-name=\"Cras et lectus non nisl imperdiet in enim in velit feugiat\" data-date=\"2017-11-05T02:50:40+00:00\">\n\n<div class=\"post-thumbnail-wrap\">\n\t<div class=\"post-thumbnail\">\n\t\t\n\t\t\n\t\t<a href=\"https:\/\/www.atib16.at\/tr\/cras-et-lectus-non-nisl-imperdiet-in-enim-in-velit-feugiat\" class=\"post-thumbnail-rollover layzr-bg layzr-bg\" ><img loading=\"lazy\" decoding=\"async\" class=\"iso-lazy-load preload-me iso-lazy-load\" src=\"data:image\/svg+xml,%3Csvg%20xmlns%3D&#39;http%3A%2F%2Fwww.w3.org%2F2000%2Fsvg&#39;%20viewBox%3D&#39;0%200%20400%20200&#39;%2F%3E\" data-src=\"https:\/\/www.atib16.at\/wp-content\/uploads\/2017\/11\/news-400x200.png\" data-srcset=\"https:\/\/www.atib16.at\/wp-content\/uploads\/2017\/11\/news-400x200.png 400w\" alt=\"\" title=\"news\" width=\"400\" height=\"200\"  \/><span class=\"gallery-zoom-ico icomoon-the7-font-the7-more-01\"><span><\/span><\/span><\/a>\t<\/div>\n<\/div>\n\n\n<div class=\"post-entry-content\">\n\n\t<h3 class=\"entry-title\">\n\t\t<a href=\"https:\/\/www.atib16.at\/tr\/cras-et-lectus-non-nisl-imperdiet-in-enim-in-velit-feugiat\" title=\"Cras et lectus non nisl imperdiet in enim in velit feugiat\" rel=\"bookmark\">Cras et lectus non nisl imperdiet in enim in velit feugiat<\/a>\n\t<\/h3>\n\n\t<div class=\"entry-meta\"><span class=\"category-link\"><a href=\"https:\/\/www.atib16.at\/tr\/category\/news\" >News<\/a><\/span><a class=\"author vcard\" href=\"https:\/\/www.atib16.at\/tr\/author\/atib16\" title=\"View all posts by atib16\" rel=\"author\">By <span class=\"fn\">atib16<\/span><\/a><a href=\"https:\/\/www.atib16.at\/tr\/2017\/11\/05\" title=\"2:50 am\" class=\"data-link\" rel=\"bookmark\"><time class=\"entry-date updated\" datetime=\"2017-11-05T02:50:40+00:00\">Kas\u0131m 5, 2017<\/time><\/a><a href=\"https:\/\/www.atib16.at\/tr\/cras-et-lectus-non-nisl-imperdiet-in-enim-in-velit-feugiat#respond\" class=\"comment-link\" >Leave a comment<\/a><\/div>\n\t<div class=\"entry-excerpt\"><p> Ut laoreet id ex vitae tempus. Integer tristique mi ipsum. Vestibulum lorem ipsum dolor dui velit, euismod quis tortor vitae, scelerisque dapibus odio. Mauris in enim in velit feugiat interdum eu vel dui.<\/p>\n<\/div>\n\t<a href=\"https:\/\/www.atib16.at\/tr\/cras-et-lectus-non-nisl-imperdiet-in-enim-in-velit-feugiat\" class=\"dt-btn-s dt-btn post-details details-type-btn\" rel=\"nofollow\">Read more<i class=\"dt-icon-the7-arrow-03\" aria-hidden=\"true\"><\/i><\/a>\n<\/div><\/article><\/div><\/div><!-- iso-container|iso-grid --><\/div><\/div><\/div><\/div><\/div>\n<\/section>","protected":false},"excerpt":{"rendered":"","protected":false},"author":1,"featured_media":0,"parent":0,"menu_order":50,"comment_status":"closed","ping_status":"closed","template":"","meta":[],"class_list":["post-1077","page","type-page","status-publish","hentry","description-off"],"_links":{"self":[{"href":"https:\/\/www.atib16.at\/tr\/wp-json\/wp\/v2\/pages\/1077","targetHints":{"allow":["GET"]}}],"collection":[{"href":"https:\/\/www.atib16.at\/tr\/wp-json\/wp\/v2\/pages"}],"about":[{"href":"https:\/\/www.atib16.at\/tr\/wp-json\/wp\/v2\/types\/page"}],"author":[{"embeddable":true,"href":"https:\/\/www.atib16.at\/tr\/wp-json\/wp\/v2\/users\/1"}],"replies":[{"embeddable":true,"href":"https:\/\/www.atib16.at\/tr\/wp-json\/wp\/v2\/comments?post=1077"}],"version-history":[{"count":1,"href":"https:\/\/www.atib16.at\/tr\/wp-json\/wp\/v2\/pages\/1077\/revisions"}],"predecessor-version":[{"id":2126,"href":"https:\/\/www.atib16.at\/tr\/wp-json\/wp\/v2\/pages\/1077\/revisions\/2126"}],"wp:attachment":[{"href":"https:\/\/www.atib16.at\/tr\/wp-json\/wp\/v2\/media?parent=1077"}],"curies":[{"name":"wp","href":"https:\/\/api.w.org\/{rel}","templated":true}]}}